{"id":95054,"date":"2025-04-28T06:50:23","date_gmt":"2025-04-28T06:50:23","guid":{"rendered":"https:\/\/toruscare.pt\/?post_type=product&#038;p=95054"},"modified":"2025-07-25T04:51:28","modified_gmt":"2025-07-25T04:51:28","slug":"electric-examination-bed-x36-1","status":"publish","type":"product","link":"https:\/\/toruscare.com\/es\/producto\/electric-examination-bed-x36-1\/","title":{"rendered":"Camilla el\u00e9ctrica GANAS 3"},"content":{"rendered":"","protected":false},"excerpt":{"rendered":"<ul>\n<li>Dispone de un motor de alta calidad, estructura general de hierro, ajustes de altura y \u00e1ngulo suaves y silenciosos.<\/li>\n<li>Equipada con interruptores de elevaci\u00f3n de ruedas de primera calidad para facilitar la transici\u00f3n entre los modos fijo y m\u00f3vil; movimiento suave y silencioso.<\/li>\n<li>Estructura de acero de alta calidad para mayor robustez y estabilidad, garantizando un uso seguro.<\/li>\n<li>El cuero antibacteriano y la esponja de alta densidad de rebote lento proporcionan comodidad a la vez que cumplen las normas antibacterianas.<\/li>\n<\/ul>","protected":false},"featured_media":95055,"template":"","meta":{"_acf_changed":false},"product_brand":[],"product_cat":[129],"product_tag":[],"class_list":{"0":"post-95054","1":"product","2":"type-product","3":"status-publish","4":"has-post-thumbnail","6":"product_cat-treatment-table","7":"_wholesalex wsx-wholesalex-product","8":"description-off","10":"first","11":"instock","12":"shipping-taxable","13":"product-type-simple"},"acf":[],"_links":{"self":[{"href":"https:\/\/toruscare.com\/es\/wp-json\/wp\/v2\/product\/95054","targetHints":{"allow":["GET"]}}],"collection":[{"href":"https:\/\/toruscare.com\/es\/wp-json\/wp\/v2\/product"}],"about":[{"href":"https:\/\/toruscare.com\/es\/wp-json\/wp\/v2\/types\/product"}],"wp:featuredmedia":[{"embeddable":true,"href":"https:\/\/toruscare.com\/es\/wp-json\/wp\/v2\/media\/95055"}],"wp:attachment":[{"href":"https:\/\/toruscare.com\/es\/wp-json\/wp\/v2\/media?parent=95054"}],"wp:term":[{"taxonomy":"product_brand","embeddable":true,"href":"https:\/\/toruscare.com\/es\/wp-json\/wp\/v2\/product_brand?post=95054"},{"taxonomy":"product_cat","embeddable":true,"href":"https:\/\/toruscare.com\/es\/wp-json\/wp\/v2\/product_cat?post=95054"},{"taxonomy":"product_tag","embeddable":true,"href":"https:\/\/toruscare.com\/es\/wp-json\/wp\/v2\/product_tag?post=95054"}],"curies":[{"name":"wp","href":"https:\/\/api.w.org\/{rel}","templated":true}]}}