{"id":96658,"date":"2025-05-23T07:28:03","date_gmt":"2025-05-23T07:28:03","guid":{"rendered":"https:\/\/toruscare.pt\/?post_type=product&#038;p=96658"},"modified":"2025-07-28T00:18:31","modified_gmt":"2025-07-28T00:18:31","slug":"electric-dialysis-chair-quilar-2","status":"publish","type":"product","link":"https:\/\/toruscare.com\/es\/producto\/electric-dialysis-chair-quilar-2\/","title":{"rendered":"Silla el\u00e9ctrica para di\u00e1lisis QUILAR 2"},"content":{"rendered":"","protected":false},"excerpt":{"rendered":"<p>El sill\u00f3n de di\u00e1lisis QUILAR 2 combina una ergonom\u00eda avanzada con materiales de alta calidad para ofrecer la m\u00e1xima comodidad al paciente y eficiencia cl\u00ednica. Con ajustes motorizados suaves, reposabrazos multifuncionales mejorados y caracter\u00edsticas bien pensadas como una mesa de bandeja antideslizante y funci\u00f3n de RCP de liberaci\u00f3n r\u00e1pida, garantiza una experiencia segura y f\u00e1cil de usar tanto para los donantes como para los cuidadores.<\/p>","protected":false},"featured_media":96660,"template":"","meta":{"_acf_changed":false},"product_brand":[],"product_cat":[129],"product_tag":[],"class_list":{"0":"post-96658","1":"product","2":"type-product","3":"status-publish","4":"has-post-thumbnail","6":"product_cat-treatment-table","7":"_wholesalex wsx-wholesalex-product","8":"description-off","10":"first","11":"instock","12":"shipping-taxable","13":"product-type-simple"},"acf":[],"_links":{"self":[{"href":"https:\/\/toruscare.com\/es\/wp-json\/wp\/v2\/product\/96658","targetHints":{"allow":["GET"]}}],"collection":[{"href":"https:\/\/toruscare.com\/es\/wp-json\/wp\/v2\/product"}],"about":[{"href":"https:\/\/toruscare.com\/es\/wp-json\/wp\/v2\/types\/product"}],"wp:featuredmedia":[{"embeddable":true,"href":"https:\/\/toruscare.com\/es\/wp-json\/wp\/v2\/media\/96660"}],"wp:attachment":[{"href":"https:\/\/toruscare.com\/es\/wp-json\/wp\/v2\/media?parent=96658"}],"wp:term":[{"taxonomy":"product_brand","embeddable":true,"href":"https:\/\/toruscare.com\/es\/wp-json\/wp\/v2\/product_brand?post=96658"},{"taxonomy":"product_cat","embeddable":true,"href":"https:\/\/toruscare.com\/es\/wp-json\/wp\/v2\/product_cat?post=96658"},{"taxonomy":"product_tag","embeddable":true,"href":"https:\/\/toruscare.com\/es\/wp-json\/wp\/v2\/product_tag?post=96658"}],"curies":[{"name":"wp","href":"https:\/\/api.w.org\/{rel}","templated":true}]}}