{"id":95043,"date":"2025-04-28T03:49:30","date_gmt":"2025-04-28T03:49:30","guid":{"rendered":"https:\/\/toruscare.pt\/?post_type=product&#038;p=95043"},"modified":"2025-07-25T04:54:05","modified_gmt":"2025-07-25T04:54:05","slug":"electric-examination-bed-ganas-1","status":"publish","type":"product","link":"https:\/\/toruscare.com\/fr\/produit\/electric-examination-bed-ganas-1\/","title":{"rendered":"Lit d'examen \u00e9lectrique GANAS 1"},"content":{"rendered":"","protected":false},"excerpt":{"rendered":"<p>1. 2 pcs 2\u2032 Roues cach\u00e9es, 2 pcs 2\u2032 Roues universelles.<br \/>\n2. Le r\u00e9glage du dos peut se faire au moyen d'un rachet ou d'un moteur.<br \/>\n3. Syst\u00e8me de barre de pied en acier inoxydable, sans usure ni d\u00e9chirure apr\u00e8s 5000 utilisations.<br \/>\n4. Retardateur de flammes, 8 cm d'\u00e9paisseur, mousse haute densit\u00e9, densit\u00e9 30 kg\/m\u00b3.<br \/>\n5. Bouchon et coussin de pied en mat\u00e9riau ABS technique.<br \/>\n6. 2 Couleurs en option, noir et bleu-blanc.<\/p>","protected":false},"featured_media":95041,"template":"","meta":{"_acf_changed":false},"product_brand":[],"product_cat":[129],"product_tag":[],"class_list":{"0":"post-95043","1":"product","2":"type-product","3":"status-publish","4":"has-post-thumbnail","6":"product_cat-treatment-table","7":"_wholesalex wsx-wholesalex-product","8":"description-off","10":"first","11":"instock","12":"shipping-taxable","13":"product-type-simple"},"acf":[],"_links":{"self":[{"href":"https:\/\/toruscare.com\/fr\/wp-json\/wp\/v2\/product\/95043","targetHints":{"allow":["GET"]}}],"collection":[{"href":"https:\/\/toruscare.com\/fr\/wp-json\/wp\/v2\/product"}],"about":[{"href":"https:\/\/toruscare.com\/fr\/wp-json\/wp\/v2\/types\/product"}],"wp:featuredmedia":[{"embeddable":true,"href":"https:\/\/toruscare.com\/fr\/wp-json\/wp\/v2\/media\/95041"}],"wp:attachment":[{"href":"https:\/\/toruscare.com\/fr\/wp-json\/wp\/v2\/media?parent=95043"}],"wp:term":[{"taxonomy":"product_brand","embeddable":true,"href":"https:\/\/toruscare.com\/fr\/wp-json\/wp\/v2\/product_brand?post=95043"},{"taxonomy":"product_cat","embeddable":true,"href":"https:\/\/toruscare.com\/fr\/wp-json\/wp\/v2\/product_cat?post=95043"},{"taxonomy":"product_tag","embeddable":true,"href":"https:\/\/toruscare.com\/fr\/wp-json\/wp\/v2\/product_tag?post=95043"}],"curies":[{"name":"wp","href":"https:\/\/api.w.org\/{rel}","templated":true}]}}