{"id":95047,"date":"2025-04-28T06:08:47","date_gmt":"2025-04-28T06:08:47","guid":{"rendered":"https:\/\/toruscare.pt\/?post_type=product&#038;p=95047"},"modified":"2025-07-25T04:53:55","modified_gmt":"2025-07-25T04:53:55","slug":"electric-examination-table-ganas-2","status":"publish","type":"product","link":"https:\/\/toruscare.com\/fr\/produit\/electric-examination-table-ganas-2\/","title":{"rendered":"Table d'examen \u00e9lectrique GANAS 2"},"content":{"rendered":"","protected":false},"excerpt":{"rendered":"<ul>\n<li>Conception ergonomique \u00e0 deux volets<\/li>\n<li>Hauteur r\u00e9glable pour le confort du patient, conception personnalis\u00e9e pour faciliter le diagnostic<\/li>\n<li>Fonctionne \u00e0 la fois comme lit et comme chaise<\/li>\n<li>Palier \u00e9lev\u00e9, stabilit\u00e9 durable<\/li>\n<li>S\u00fbr pour les impacts \u00e0 forte pression<\/li>\n<\/ul>","protected":false},"featured_media":95048,"template":"","meta":{"_acf_changed":false},"product_brand":[],"product_cat":[129],"product_tag":[],"class_list":{"0":"post-95047","1":"product","2":"type-product","3":"status-publish","4":"has-post-thumbnail","6":"product_cat-treatment-table","7":"_wholesalex wsx-wholesalex-product","8":"description-off","10":"first","11":"instock","12":"shipping-taxable","13":"product-type-simple"},"acf":[],"_links":{"self":[{"href":"https:\/\/toruscare.com\/fr\/wp-json\/wp\/v2\/product\/95047","targetHints":{"allow":["GET"]}}],"collection":[{"href":"https:\/\/toruscare.com\/fr\/wp-json\/wp\/v2\/product"}],"about":[{"href":"https:\/\/toruscare.com\/fr\/wp-json\/wp\/v2\/types\/product"}],"wp:featuredmedia":[{"embeddable":true,"href":"https:\/\/toruscare.com\/fr\/wp-json\/wp\/v2\/media\/95048"}],"wp:attachment":[{"href":"https:\/\/toruscare.com\/fr\/wp-json\/wp\/v2\/media?parent=95047"}],"wp:term":[{"taxonomy":"product_brand","embeddable":true,"href":"https:\/\/toruscare.com\/fr\/wp-json\/wp\/v2\/product_brand?post=95047"},{"taxonomy":"product_cat","embeddable":true,"href":"https:\/\/toruscare.com\/fr\/wp-json\/wp\/v2\/product_cat?post=95047"},{"taxonomy":"product_tag","embeddable":true,"href":"https:\/\/toruscare.com\/fr\/wp-json\/wp\/v2\/product_tag?post=95047"}],"curies":[{"name":"wp","href":"https:\/\/api.w.org\/{rel}","templated":true}]}}