{"id":95054,"date":"2025-04-28T06:50:23","date_gmt":"2025-04-28T06:50:23","guid":{"rendered":"https:\/\/toruscare.pt\/?post_type=product&#038;p=95054"},"modified":"2025-07-25T04:51:28","modified_gmt":"2025-07-25T04:51:28","slug":"electric-examination-bed-x36-1","status":"publish","type":"product","link":"https:\/\/toruscare.com\/fr\/produit\/electric-examination-bed-x36-1\/","title":{"rendered":"Lit d'examen \u00e9lectrique GANAS 3"},"content":{"rendered":"","protected":false},"excerpt":{"rendered":"<ul>\n<li>Moteur de haute qualit\u00e9, structure g\u00e9n\u00e9rale en fer, r\u00e9glages en hauteur et en angle souples et silencieux.<\/li>\n<li>\u00c9quip\u00e9 d'interrupteurs de levage \u00e0 roulettes de premi\u00e8re qualit\u00e9 pour une transition facile entre les modes fixe et mobile ; mouvement doux et silencieux.<\/li>\n<li>Cadre en acier de haute qualit\u00e9 pour la robustesse et la stabilit\u00e9, garantissant une utilisation s\u00fbre.<\/li>\n<li>Le cuir antibact\u00e9rien et l'\u00e9ponge \u00e0 haute densit\u00e9 et \u00e0 rebond lent assurent le confort tout en r\u00e9pondant aux normes antibact\u00e9riennes.<\/li>\n<\/ul>","protected":false},"featured_media":95055,"template":"","meta":{"_acf_changed":false},"product_brand":[],"product_cat":[129],"product_tag":[],"class_list":{"0":"post-95054","1":"product","2":"type-product","3":"status-publish","4":"has-post-thumbnail","6":"product_cat-treatment-table","7":"_wholesalex wsx-wholesalex-product","8":"description-off","10":"first","11":"instock","12":"shipping-taxable","13":"product-type-simple"},"acf":[],"_links":{"self":[{"href":"https:\/\/toruscare.com\/fr\/wp-json\/wp\/v2\/product\/95054","targetHints":{"allow":["GET"]}}],"collection":[{"href":"https:\/\/toruscare.com\/fr\/wp-json\/wp\/v2\/product"}],"about":[{"href":"https:\/\/toruscare.com\/fr\/wp-json\/wp\/v2\/types\/product"}],"wp:featuredmedia":[{"embeddable":true,"href":"https:\/\/toruscare.com\/fr\/wp-json\/wp\/v2\/media\/95055"}],"wp:attachment":[{"href":"https:\/\/toruscare.com\/fr\/wp-json\/wp\/v2\/media?parent=95054"}],"wp:term":[{"taxonomy":"product_brand","embeddable":true,"href":"https:\/\/toruscare.com\/fr\/wp-json\/wp\/v2\/product_brand?post=95054"},{"taxonomy":"product_cat","embeddable":true,"href":"https:\/\/toruscare.com\/fr\/wp-json\/wp\/v2\/product_cat?post=95054"},{"taxonomy":"product_tag","embeddable":true,"href":"https:\/\/toruscare.com\/fr\/wp-json\/wp\/v2\/product_tag?post=95054"}],"curies":[{"name":"wp","href":"https:\/\/api.w.org\/{rel}","templated":true}]}}