{"id":95064,"date":"2025-04-29T02:17:34","date_gmt":"2025-04-29T02:17:34","guid":{"rendered":"https:\/\/toruscare.pt\/?post_type=product&#038;p=95064"},"modified":"2025-07-28T00:21:25","modified_gmt":"2025-07-28T00:21:25","slug":"attendant-sofa-jupiter-2","status":"publish","type":"product","link":"https:\/\/toruscare.com\/fr\/produit\/attendant-sofa-jupiter-2\/","title":{"rendered":"Pr\u00e9pos\u00e9 au canap\u00e9 JUPITER 2"},"content":{"rendered":"","protected":false},"excerpt":{"rendered":"<table style=\"border-collapse: collapse; width: 100%;\">\n<tbody>\n<tr>\n<td style=\"width: 50%;\">Taille pli\u00e9e (LxLxH)<\/td>\n<td style=\"width: 50%;\">1600\u00d7700\u00d7655 mm<\/td>\n<\/tr>\n<tr>\n<td style=\"width: 50%;\">Taille d\u00e9pli\u00e9e (LxLxH)<\/td>\n<td style=\"width: 50%;\">2200\u00d7700\u00d7655 mm<\/td>\n<\/tr>\n<tr>\n<td style=\"width: 50%;\">Distance d'extension<\/td>\n<td style=\"width: 50%;\">300 mm<\/td>\n<\/tr>\n<tr>\n<td style=\"width: 50%;\">Largeur de l'accoudoir<\/td>\n<td style=\"width: 50%;\">100mm<\/td>\n<\/tr>\n<tr>\n<td style=\"width: 50%;\">Taille de l'emballage<\/td>\n<td style=\"width: 50%;\">1650\u00d7900\u00d7850 mm<\/td>\n<\/tr>\n<tr>\n<td style=\"width: 50%;\">Chargement<\/td>\n<td style=\"width: 50%;\">250 kg<\/td>\n<\/tr>\n<\/tbody>\n<\/table>","protected":false},"featured_media":95065,"template":"","meta":{"_acf_changed":false},"product_brand":[],"product_cat":[130],"product_tag":[],"class_list":{"0":"post-95064","1":"product","2":"type-product","3":"status-publish","4":"has-post-thumbnail","6":"product_cat-hospital-furniture","7":"_wholesalex wsx-wholesalex-product","8":"description-off","10":"first","11":"instock","12":"shipping-taxable","13":"product-type-simple"},"acf":[],"_links":{"self":[{"href":"https:\/\/toruscare.com\/fr\/wp-json\/wp\/v2\/product\/95064","targetHints":{"allow":["GET"]}}],"collection":[{"href":"https:\/\/toruscare.com\/fr\/wp-json\/wp\/v2\/product"}],"about":[{"href":"https:\/\/toruscare.com\/fr\/wp-json\/wp\/v2\/types\/product"}],"wp:featuredmedia":[{"embeddable":true,"href":"https:\/\/toruscare.com\/fr\/wp-json\/wp\/v2\/media\/95065"}],"wp:attachment":[{"href":"https:\/\/toruscare.com\/fr\/wp-json\/wp\/v2\/media?parent=95064"}],"wp:term":[{"taxonomy":"product_brand","embeddable":true,"href":"https:\/\/toruscare.com\/fr\/wp-json\/wp\/v2\/product_brand?post=95064"},{"taxonomy":"product_cat","embeddable":true,"href":"https:\/\/toruscare.com\/fr\/wp-json\/wp\/v2\/product_cat?post=95064"},{"taxonomy":"product_tag","embeddable":true,"href":"https:\/\/toruscare.com\/fr\/wp-json\/wp\/v2\/product_tag?post=95064"}],"curies":[{"name":"wp","href":"https:\/\/api.w.org\/{rel}","templated":true}]}}