{"id":96658,"date":"2025-05-23T07:28:03","date_gmt":"2025-05-23T07:28:03","guid":{"rendered":"https:\/\/toruscare.pt\/?post_type=product&#038;p=96658"},"modified":"2025-07-28T00:18:31","modified_gmt":"2025-07-28T00:18:31","slug":"electric-dialysis-chair-quilar-2","status":"publish","type":"product","link":"https:\/\/toruscare.com\/fr\/produit\/electric-dialysis-chair-quilar-2\/","title":{"rendered":"Fauteuil de dialyse \u00e9lectrique QUILAR 2"},"content":{"rendered":"","protected":false},"excerpt":{"rendered":"<p>Le fauteuil de dialyse QUILAR 2 associe une ergonomie avanc\u00e9e \u00e0 des mat\u00e9riaux de haute qualit\u00e9 pour un maximum de confort pour le patient et d'efficacit\u00e9 clinique. Avec des r\u00e9glages motoris\u00e9s en douceur, des accoudoirs multifonctionnels am\u00e9lior\u00e9s et des caract\u00e9ristiques bien pens\u00e9es telles qu'un plateau antid\u00e9rapant et une fonction RCP \u00e0 d\u00e9gagement rapide, il garantit une exp\u00e9rience s\u00fbre et conviviale tant pour les donneurs que pour les soignants.<\/p>","protected":false},"featured_media":96660,"template":"","meta":{"_acf_changed":false},"product_brand":[],"product_cat":[129],"product_tag":[],"class_list":{"0":"post-96658","1":"product","2":"type-product","3":"status-publish","4":"has-post-thumbnail","6":"product_cat-treatment-table","7":"_wholesalex wsx-wholesalex-product","8":"description-off","10":"first","11":"instock","12":"shipping-taxable","13":"product-type-simple"},"acf":[],"_links":{"self":[{"href":"https:\/\/toruscare.com\/fr\/wp-json\/wp\/v2\/product\/96658","targetHints":{"allow":["GET"]}}],"collection":[{"href":"https:\/\/toruscare.com\/fr\/wp-json\/wp\/v2\/product"}],"about":[{"href":"https:\/\/toruscare.com\/fr\/wp-json\/wp\/v2\/types\/product"}],"wp:featuredmedia":[{"embeddable":true,"href":"https:\/\/toruscare.com\/fr\/wp-json\/wp\/v2\/media\/96660"}],"wp:attachment":[{"href":"https:\/\/toruscare.com\/fr\/wp-json\/wp\/v2\/media?parent=96658"}],"wp:term":[{"taxonomy":"product_brand","embeddable":true,"href":"https:\/\/toruscare.com\/fr\/wp-json\/wp\/v2\/product_brand?post=96658"},{"taxonomy":"product_cat","embeddable":true,"href":"https:\/\/toruscare.com\/fr\/wp-json\/wp\/v2\/product_cat?post=96658"},{"taxonomy":"product_tag","embeddable":true,"href":"https:\/\/toruscare.com\/fr\/wp-json\/wp\/v2\/product_tag?post=96658"}],"curies":[{"name":"wp","href":"https:\/\/api.w.org\/{rel}","templated":true}]}}