{"id":96664,"date":"2025-05-23T07:43:08","date_gmt":"2025-05-23T07:43:08","guid":{"rendered":"https:\/\/toruscare.pt\/?post_type=product&#038;p=96664"},"modified":"2025-07-28T00:17:57","modified_gmt":"2025-07-28T00:17:57","slug":"rosawide-2-electric-obstetric-bed","status":"publish","type":"product","link":"https:\/\/toruscare.com\/fr\/produit\/rosawide-2-electric-obstetric-bed\/","title":{"rendered":"Lit obst\u00e9trique \u00e9lectrique ROSAWIDE 2"},"content":{"rendered":"","protected":false},"excerpt":{"rendered":"<p>Le lit obst\u00e9trique \u00e9lectrique ROSAWIDE 2 est con\u00e7u pour assurer le confort, la s\u00e9curit\u00e9 et la facilit\u00e9 d'utilisation pendant l'accouchement et les proc\u00e9dures gyn\u00e9cologiques. Sa conception r\u00e9fl\u00e9chie am\u00e9liore l'efficacit\u00e9 clinique gr\u00e2ce \u00e0 une mobilit\u00e9 fluide, des commandes conviviales et des composants modulaires faciles \u00e0 nettoyer.<\/p>","protected":false},"featured_media":96882,"template":"","meta":{"_acf_changed":false},"product_brand":[],"product_cat":[119],"product_tag":[],"class_list":{"0":"post-96664","1":"product","2":"type-product","3":"status-publish","4":"has-post-thumbnail","6":"product_cat-operating-table","7":"_wholesalex wsx-wholesalex-product","8":"description-off","10":"first","11":"instock","12":"shipping-taxable","13":"product-type-simple"},"acf":[],"_links":{"self":[{"href":"https:\/\/toruscare.com\/fr\/wp-json\/wp\/v2\/product\/96664","targetHints":{"allow":["GET"]}}],"collection":[{"href":"https:\/\/toruscare.com\/fr\/wp-json\/wp\/v2\/product"}],"about":[{"href":"https:\/\/toruscare.com\/fr\/wp-json\/wp\/v2\/types\/product"}],"wp:featuredmedia":[{"embeddable":true,"href":"https:\/\/toruscare.com\/fr\/wp-json\/wp\/v2\/media\/96882"}],"wp:attachment":[{"href":"https:\/\/toruscare.com\/fr\/wp-json\/wp\/v2\/media?parent=96664"}],"wp:term":[{"taxonomy":"product_brand","embeddable":true,"href":"https:\/\/toruscare.com\/fr\/wp-json\/wp\/v2\/product_brand?post=96664"},{"taxonomy":"product_cat","embeddable":true,"href":"https:\/\/toruscare.com\/fr\/wp-json\/wp\/v2\/product_cat?post=96664"},{"taxonomy":"product_tag","embeddable":true,"href":"https:\/\/toruscare.com\/fr\/wp-json\/wp\/v2\/product_tag?post=96664"}],"curies":[{"name":"wp","href":"https:\/\/api.w.org\/{rel}","templated":true}]}}