{"id":95035,"date":"2025-04-28T03:25:55","date_gmt":"2025-04-28T03:25:55","guid":{"rendered":"https:\/\/toruscare.pt\/?post_type=product&#038;p=95035"},"modified":"2025-07-28T00:25:28","modified_gmt":"2025-07-28T00:25:28","slug":"bedside-table-phenolic-resin-amigo-1","status":"publish","type":"product","link":"https:\/\/toruscare.com\/pl\/produkt\/bedside-table-phenolic-resin-amigo-1\/","title":{"rendered":"St\u00f3\u0142 przy\u0142\u00f3\u017ckowy-fenolowo-rezinowy AMIGO 1"},"content":{"rendered":"","protected":false},"excerpt":{"rendered":"<table style=\"border-collapse: collapse; width: 100%;\">\n<tbody>\n<tr>\n<td>Rozmiar po z\u0142o\u017ceniu (d\u0142. x szer. x wys.)<\/td>\n<td>475x475x800 mm<\/td>\n<\/tr>\n<tr>\n<td style=\"width: 675px;\">Szuflada<\/td>\n<td style=\"width: 675px;\">1 szt.<\/td>\n<\/tr>\n<tr>\n<td style=\"width: 675px;\">Kabina<\/td>\n<td style=\"width: 675px;\">1 szt.<\/td>\n<\/tr>\n<tr>\n<td style=\"width: 675px;\">K\u00f3\u0142ka<\/td>\n<td style=\"width: 675px;\">4 szt.<\/td>\n<\/tr>\n<\/tbody>\n<\/table>","protected":false},"featured_media":95036,"template":"","meta":{"_acf_changed":false},"product_brand":[],"product_cat":[117,130],"product_tag":[],"class_list":{"0":"post-95035","1":"product","2":"type-product","3":"status-publish","4":"has-post-thumbnail","6":"product_cat-hospital-bedside-cabinet","7":"product_cat-hospital-furniture","8":"_wholesalex wsx-wholesalex-product","9":"description-off","11":"first","12":"instock","13":"shipping-taxable","14":"product-type-simple"},"acf":[],"_links":{"self":[{"href":"https:\/\/toruscare.com\/pl\/wp-json\/wp\/v2\/product\/95035","targetHints":{"allow":["GET"]}}],"collection":[{"href":"https:\/\/toruscare.com\/pl\/wp-json\/wp\/v2\/product"}],"about":[{"href":"https:\/\/toruscare.com\/pl\/wp-json\/wp\/v2\/types\/product"}],"wp:featuredmedia":[{"embeddable":true,"href":"https:\/\/toruscare.com\/pl\/wp-json\/wp\/v2\/media\/95036"}],"wp:attachment":[{"href":"https:\/\/toruscare.com\/pl\/wp-json\/wp\/v2\/media?parent=95035"}],"wp:term":[{"taxonomy":"product_brand","embeddable":true,"href":"https:\/\/toruscare.com\/pl\/wp-json\/wp\/v2\/product_brand?post=95035"},{"taxonomy":"product_cat","embeddable":true,"href":"https:\/\/toruscare.com\/pl\/wp-json\/wp\/v2\/product_cat?post=95035"},{"taxonomy":"product_tag","embeddable":true,"href":"https:\/\/toruscare.com\/pl\/wp-json\/wp\/v2\/product_tag?post=95035"}],"curies":[{"name":"wp","href":"https:\/\/api.w.org\/{rel}","templated":true}]}}