{"id":95043,"date":"2025-04-28T03:49:30","date_gmt":"2025-04-28T03:49:30","guid":{"rendered":"https:\/\/toruscare.pt\/?post_type=product&#038;p=95043"},"modified":"2025-07-25T04:54:05","modified_gmt":"2025-07-25T04:54:05","slug":"electric-examination-bed-ganas-1","status":"publish","type":"product","link":"https:\/\/toruscare.com\/pl\/produkt\/electric-examination-bed-ganas-1\/","title":{"rendered":"Elektryczne \u0142\u00f3\u017cko do bada\u0144 GANAS 1"},"content":{"rendered":"","protected":false},"excerpt":{"rendered":"<p>1. 2 szt. 2\u2032 k\u00f3\u0142ek ukrytych, 2 szt. 2\u2032 k\u00f3\u0142ek uniwersalnych.<br \/>\n2. Tylna regulacja mo\u017ce wybra\u0107 rakiet\u0119 lub silnik.<br \/>\n3. System n\u00f3\u017cek ze stali nierdzewnej, bez zu\u017cycia po 5000-krotnym u\u017cyciu.<br \/>\n4. Trudnopalna pianka o grubo\u015bci 8 cm i g\u0119sto\u015bci 30 kg\/m\u00b3.<br \/>\n5. Wtyczka z materia\u0142u ABS, podk\u0142adka pod stop\u0119.<br \/>\n6. 2 kolory jako opcja, czarny i niebiesko-bia\u0142y.<\/p>","protected":false},"featured_media":95041,"template":"","meta":{"_acf_changed":false},"product_brand":[],"product_cat":[129],"product_tag":[],"class_list":{"0":"post-95043","1":"product","2":"type-product","3":"status-publish","4":"has-post-thumbnail","6":"product_cat-treatment-table","7":"_wholesalex wsx-wholesalex-product","8":"description-off","10":"first","11":"instock","12":"shipping-taxable","13":"product-type-simple"},"acf":[],"_links":{"self":[{"href":"https:\/\/toruscare.com\/pl\/wp-json\/wp\/v2\/product\/95043","targetHints":{"allow":["GET"]}}],"collection":[{"href":"https:\/\/toruscare.com\/pl\/wp-json\/wp\/v2\/product"}],"about":[{"href":"https:\/\/toruscare.com\/pl\/wp-json\/wp\/v2\/types\/product"}],"wp:featuredmedia":[{"embeddable":true,"href":"https:\/\/toruscare.com\/pl\/wp-json\/wp\/v2\/media\/95041"}],"wp:attachment":[{"href":"https:\/\/toruscare.com\/pl\/wp-json\/wp\/v2\/media?parent=95043"}],"wp:term":[{"taxonomy":"product_brand","embeddable":true,"href":"https:\/\/toruscare.com\/pl\/wp-json\/wp\/v2\/product_brand?post=95043"},{"taxonomy":"product_cat","embeddable":true,"href":"https:\/\/toruscare.com\/pl\/wp-json\/wp\/v2\/product_cat?post=95043"},{"taxonomy":"product_tag","embeddable":true,"href":"https:\/\/toruscare.com\/pl\/wp-json\/wp\/v2\/product_tag?post=95043"}],"curies":[{"name":"wp","href":"https:\/\/api.w.org\/{rel}","templated":true}]}}