{"id":95054,"date":"2025-04-28T06:50:23","date_gmt":"2025-04-28T06:50:23","guid":{"rendered":"https:\/\/toruscare.pt\/?post_type=product&#038;p=95054"},"modified":"2025-07-25T04:51:28","modified_gmt":"2025-07-25T04:51:28","slug":"electric-examination-bed-x36-1","status":"publish","type":"product","link":"https:\/\/toruscare.com\/pl\/produkt\/electric-examination-bed-x36-1\/","title":{"rendered":"Elektryczne \u0142\u00f3\u017cko do bada\u0144 GANAS 3"},"content":{"rendered":"","protected":false},"excerpt":{"rendered":"<ul>\n<li>Charakteryzuje si\u0119 wysokiej jako\u015bci silnikiem, \u017celazn\u0105 konstrukcj\u0105 ramy, p\u0142ynn\u0105 i cich\u0105 regulacj\u0105 wysoko\u015bci i k\u0105ta nachylenia.<\/li>\n<li>Wyposa\u017cony w najwy\u017cszej jako\u015bci prze\u0142\u0105czniki podnoszenia k\u00f3\u0142ek do \u0142atwego prze\u0142\u0105czania mi\u0119dzy trybem stacjonarnym i mobilnym; p\u0142ynny i cichy ruch.<\/li>\n<li>Wysokiej jako\u015bci stalowa rama zapewnia wytrzyma\u0142o\u015b\u0107 i stabilno\u015b\u0107, gwarantuj\u0105c bezpieczne u\u017cytkowanie.<\/li>\n<li>Antybakteryjna sk\u00f3ra i wolno odbijaj\u0105ca si\u0119 g\u0105bka o wysokiej g\u0119sto\u015bci zapewniaj\u0105 komfort, spe\u0142niaj\u0105c jednocze\u015bnie normy antybakteryjne.<\/li>\n<\/ul>","protected":false},"featured_media":95055,"template":"","meta":{"_acf_changed":false},"product_brand":[],"product_cat":[129],"product_tag":[],"class_list":{"0":"post-95054","1":"product","2":"type-product","3":"status-publish","4":"has-post-thumbnail","6":"product_cat-treatment-table","7":"_wholesalex wsx-wholesalex-product","8":"description-off","10":"first","11":"instock","12":"shipping-taxable","13":"product-type-simple"},"acf":[],"_links":{"self":[{"href":"https:\/\/toruscare.com\/pl\/wp-json\/wp\/v2\/product\/95054","targetHints":{"allow":["GET"]}}],"collection":[{"href":"https:\/\/toruscare.com\/pl\/wp-json\/wp\/v2\/product"}],"about":[{"href":"https:\/\/toruscare.com\/pl\/wp-json\/wp\/v2\/types\/product"}],"wp:featuredmedia":[{"embeddable":true,"href":"https:\/\/toruscare.com\/pl\/wp-json\/wp\/v2\/media\/95055"}],"wp:attachment":[{"href":"https:\/\/toruscare.com\/pl\/wp-json\/wp\/v2\/media?parent=95054"}],"wp:term":[{"taxonomy":"product_brand","embeddable":true,"href":"https:\/\/toruscare.com\/pl\/wp-json\/wp\/v2\/product_brand?post=95054"},{"taxonomy":"product_cat","embeddable":true,"href":"https:\/\/toruscare.com\/pl\/wp-json\/wp\/v2\/product_cat?post=95054"},{"taxonomy":"product_tag","embeddable":true,"href":"https:\/\/toruscare.com\/pl\/wp-json\/wp\/v2\/product_tag?post=95054"}],"curies":[{"name":"wp","href":"https:\/\/api.w.org\/{rel}","templated":true}]}}