{"id":96658,"date":"2025-05-23T07:28:03","date_gmt":"2025-05-23T07:28:03","guid":{"rendered":"https:\/\/toruscare.pt\/?post_type=product&#038;p=96658"},"modified":"2025-07-28T00:18:31","modified_gmt":"2025-07-28T00:18:31","slug":"electric-dialysis-chair-quilar-2","status":"publish","type":"product","link":"https:\/\/toruscare.com\/pl\/produkt\/electric-dialysis-chair-quilar-2\/","title":{"rendered":"Elektryczny fotel do dializ QUILAR 2"},"content":{"rendered":"","protected":false},"excerpt":{"rendered":"<p>Fotel do dializ QUILAR 2 \u0142\u0105czy zaawansowan\u0105 ergonomi\u0119 z wysokiej jako\u015bci materia\u0142ami, zapewniaj\u0105c maksymalny komfort pacjenta i wydajno\u015b\u0107 kliniczn\u0105. Dzi\u0119ki p\u0142ynnej regulacji silnika, ulepszonym wielofunkcyjnym pod\u0142okietnikom i przemy\u015blanym funkcjom, takim jak antypo\u015blizgowy stolik na tac\u0119 i funkcja szybkiego zwalniania CPR, zapewnia bezpieczne i przyjazne dla u\u017cytkownika do\u015bwiadczenie zar\u00f3wno dla dawc\u00f3w, jak i opiekun\u00f3w.<\/p>","protected":false},"featured_media":96660,"template":"","meta":{"_acf_changed":false},"product_brand":[],"product_cat":[129],"product_tag":[],"class_list":{"0":"post-96658","1":"product","2":"type-product","3":"status-publish","4":"has-post-thumbnail","6":"product_cat-treatment-table","7":"_wholesalex wsx-wholesalex-product","8":"description-off","10":"first","11":"instock","12":"shipping-taxable","13":"product-type-simple"},"acf":[],"_links":{"self":[{"href":"https:\/\/toruscare.com\/pl\/wp-json\/wp\/v2\/product\/96658","targetHints":{"allow":["GET"]}}],"collection":[{"href":"https:\/\/toruscare.com\/pl\/wp-json\/wp\/v2\/product"}],"about":[{"href":"https:\/\/toruscare.com\/pl\/wp-json\/wp\/v2\/types\/product"}],"wp:featuredmedia":[{"embeddable":true,"href":"https:\/\/toruscare.com\/pl\/wp-json\/wp\/v2\/media\/96660"}],"wp:attachment":[{"href":"https:\/\/toruscare.com\/pl\/wp-json\/wp\/v2\/media?parent=96658"}],"wp:term":[{"taxonomy":"product_brand","embeddable":true,"href":"https:\/\/toruscare.com\/pl\/wp-json\/wp\/v2\/product_brand?post=96658"},{"taxonomy":"product_cat","embeddable":true,"href":"https:\/\/toruscare.com\/pl\/wp-json\/wp\/v2\/product_cat?post=96658"},{"taxonomy":"product_tag","embeddable":true,"href":"https:\/\/toruscare.com\/pl\/wp-json\/wp\/v2\/product_tag?post=96658"}],"curies":[{"name":"wp","href":"https:\/\/api.w.org\/{rel}","templated":true}]}}