{"id":96664,"date":"2025-05-23T07:43:08","date_gmt":"2025-05-23T07:43:08","guid":{"rendered":"https:\/\/toruscare.pt\/?post_type=product&#038;p=96664"},"modified":"2025-07-28T00:17:57","modified_gmt":"2025-07-28T00:17:57","slug":"rosawide-2-electric-obstetric-bed","status":"publish","type":"product","link":"https:\/\/toruscare.com\/pl\/produkt\/rosawide-2-electric-obstetric-bed\/","title":{"rendered":"Elektryczne \u0142\u00f3\u017cko po\u0142o\u017cnicze ROSAWIDE 2"},"content":{"rendered":"","protected":false},"excerpt":{"rendered":"<p>Elektryczne \u0142\u00f3\u017cko po\u0142o\u017cnicze ROSAWIDE 2 zosta\u0142o zaprojektowane z my\u015bl\u0105 o komforcie, bezpiecze\u0144stwie i \u0142atwej obs\u0142udze podczas porodu i zabieg\u00f3w ginekologicznych. Jego przemy\u015blana konstrukcja zwi\u0119ksza wydajno\u015b\u0107 kliniczn\u0105 dzi\u0119ki p\u0142ynnej mobilno\u015bci, przyjaznym dla u\u017cytkownika elementom steruj\u0105cym i \u0142atwym do czyszczenia, modu\u0142owym komponentom.<\/p>","protected":false},"featured_media":96882,"template":"","meta":{"_acf_changed":false},"product_brand":[],"product_cat":[119],"product_tag":[],"class_list":{"0":"post-96664","1":"product","2":"type-product","3":"status-publish","4":"has-post-thumbnail","6":"product_cat-operating-table","7":"_wholesalex wsx-wholesalex-product","8":"description-off","10":"first","11":"instock","12":"shipping-taxable","13":"product-type-simple"},"acf":[],"_links":{"self":[{"href":"https:\/\/toruscare.com\/pl\/wp-json\/wp\/v2\/product\/96664","targetHints":{"allow":["GET"]}}],"collection":[{"href":"https:\/\/toruscare.com\/pl\/wp-json\/wp\/v2\/product"}],"about":[{"href":"https:\/\/toruscare.com\/pl\/wp-json\/wp\/v2\/types\/product"}],"wp:featuredmedia":[{"embeddable":true,"href":"https:\/\/toruscare.com\/pl\/wp-json\/wp\/v2\/media\/96882"}],"wp:attachment":[{"href":"https:\/\/toruscare.com\/pl\/wp-json\/wp\/v2\/media?parent=96664"}],"wp:term":[{"taxonomy":"product_brand","embeddable":true,"href":"https:\/\/toruscare.com\/pl\/wp-json\/wp\/v2\/product_brand?post=96664"},{"taxonomy":"product_cat","embeddable":true,"href":"https:\/\/toruscare.com\/pl\/wp-json\/wp\/v2\/product_cat?post=96664"},{"taxonomy":"product_tag","embeddable":true,"href":"https:\/\/toruscare.com\/pl\/wp-json\/wp\/v2\/product_tag?post=96664"}],"curies":[{"name":"wp","href":"https:\/\/api.w.org\/{rel}","templated":true}]}}