{"id":96672,"date":"2025-05-23T08:15:46","date_gmt":"2025-05-23T08:15:46","guid":{"rendered":"https:\/\/toruscare.pt\/?post_type=product&#038;p=96672"},"modified":"2025-07-25T04:43:49","modified_gmt":"2025-07-25T04:43:49","slug":"children-bed-nino-s2","status":"publish","type":"product","link":"https:\/\/toruscare.com\/pl\/produkt\/children-bed-nino-s2\/","title":{"rendered":"\u0141\u00f3\u017cko dzieci\u0119ce NINO S2"},"content":{"rendered":"","protected":false},"excerpt":{"rendered":"<p>\u0141\u00f3\u017cko dzieci\u0119ce NINO S2 zosta\u0142o starannie zaprojektowane, aby zapewni\u0107 zar\u00f3wno bezpiecze\u0144stwo, jak i komfort m\u0142odym pacjentom. Dzi\u0119ki p\u0142ynnej regulacji r\u0119cznej, barierkom bocznym zapobiegaj\u0105cym przytrza\u015bni\u0119ciu i mi\u0119kkiej, zakrzywionej konstrukcji, \u0142\u0105czy w sobie trwa\u0142o\u015b\u0107 z przyjaznym dla dzieci do\u015bwiadczeniem w ka\u017cdym szczeg\u00f3le.<\/p>","protected":false},"featured_media":96880,"template":"","meta":{"_acf_changed":false},"product_brand":[],"product_cat":[128],"product_tag":[],"class_list":{"0":"post-96672","1":"product","2":"type-product","3":"status-publish","4":"has-post-thumbnail","6":"product_cat-pediatric-bed","7":"_wholesalex wsx-wholesalex-product","8":"description-off","10":"first","11":"instock","12":"shipping-taxable","13":"product-type-simple"},"acf":[],"_links":{"self":[{"href":"https:\/\/toruscare.com\/pl\/wp-json\/wp\/v2\/product\/96672","targetHints":{"allow":["GET"]}}],"collection":[{"href":"https:\/\/toruscare.com\/pl\/wp-json\/wp\/v2\/product"}],"about":[{"href":"https:\/\/toruscare.com\/pl\/wp-json\/wp\/v2\/types\/product"}],"wp:featuredmedia":[{"embeddable":true,"href":"https:\/\/toruscare.com\/pl\/wp-json\/wp\/v2\/media\/96880"}],"wp:attachment":[{"href":"https:\/\/toruscare.com\/pl\/wp-json\/wp\/v2\/media?parent=96672"}],"wp:term":[{"taxonomy":"product_brand","embeddable":true,"href":"https:\/\/toruscare.com\/pl\/wp-json\/wp\/v2\/product_brand?post=96672"},{"taxonomy":"product_cat","embeddable":true,"href":"https:\/\/toruscare.com\/pl\/wp-json\/wp\/v2\/product_cat?post=96672"},{"taxonomy":"product_tag","embeddable":true,"href":"https:\/\/toruscare.com\/pl\/wp-json\/wp\/v2\/product_tag?post=96672"}],"curies":[{"name":"wp","href":"https:\/\/api.w.org\/{rel}","templated":true}]}}