{"id":7460,"date":"2021-10-26T13:04:43","date_gmt":"2021-10-26T12:04:43","guid":{"rendered":"https:\/\/toruscare.pt\/shop\/login\/"},"modified":"2021-10-26T13:04:43","modified_gmt":"2021-10-26T12:04:43","slug":"login","status":"publish","type":"page","link":"https:\/\/toruscare.com\/pt\/catalogue\/login\/","title":{"rendered":"Login"},"content":{"rendered":"<div data-elementor-type=\"wp-page\" data-elementor-id=\"7460\" class=\"elementor elementor-7460\" data-elementor-post-type=\"page\">\n\t\t\t\t<div class=\"elementor-element elementor-element-8961c55 e-flex e-con-boxed e-con e-parent\" data-id=\"8961c55\" data-element_type=\"container\" data-e-type=\"container\">\n\t\t\t\t\t<div class=\"e-con-inner\">\n\t\t\t\t<div class=\"elementor-element elementor-element-2af2432 elementor-tablet-form-col-1 elementor-form-col-2 elementor-widget elementor-widget-the7-woocommerce-login-register-form\" data-id=\"2af2432\" data-element_type=\"widget\" data-e-type=\"widget\" data-widget_type=\"the7-woocommerce-login-register-form.default\">\n\t\t\t\t<div class=\"elementor-widget-container\">\n\t\t\t\t\t<div class=\"woocommerce-notices-wrapper\"><\/div><div class=\"the7-login-register-form elementor-labels-above\"><div class=\"the7-login-form\"><h2 data-no-translation=\"\" data-trp-gettext=\"\">Iniciar sess\u00e3o<\/h2><form class=\"woocommerce-form woocommerce-form-login login\" method=\"post\" action=\"\"><div class=\"elementor-form-fields-wrapper\"><div class=\"elementor-field-group elementor-column\"><label class=\"elementor-field-label\" for=\"username\">Nome de utilizador ou email&nbsp;<span class=\"required\">*<\/span><\/label><input type=\"text\" class=\"woocommerce-Input  elementor-field-textual elementor-field elementor-size-md\" name=\"username\" id=\"username\" autocomplete=\"username\" value=\"\" \/><\/div><div class=\"elementor-field-group elementor-column\"><label class=\"elementor-field-label\" for=\"password\">Senha&nbsp;<span class=\"required\">*<\/span><\/label><input class=\"woocommerce-Input elementor-field-textual elementor-field elementor-size-md\" type=\"password\" name=\"password\" id=\"password\" autocomplete=\"current-password\" \/><\/div><div class=\"elementor-field-group elementor-column elementor-field-type-submit\"><button type=\"submit\" class=\"elementor-button elementor-size-md button woocommerce-form-login__submit\" name=\"login\" value=\"Iniciar sess\u00e3o\" data-no-translation=\"\" data-trp-gettext=\"\" data-no-translation-value=\"\">Iniciar sess\u00e3o<\/button><\/div><div class=\"elementor-field-group elementor-column\"><label class=\"elementor-field-label woocommerce-form-login__rememberme\"><input class=\"woocommerce-form__input woocommerce-form__input-checkbox elementor-field elementor-size-md\" name=\"rememberme\" type=\"checkbox\" id=\"rememberme\" value=\"forever\" \/> <span data-no-translation=\"\" data-trp-gettext=\"\">Manter sess\u00e3o<\/span><\/label><input type=\"hidden\" id=\"woocommerce-login-nonce\" name=\"woocommerce-login-nonce\" value=\"cf50c3cac1\" \/><input type=\"hidden\" name=\"_wp_http_referer\" value=\"\/pt\/wp-json\/wp\/v2\/pages\/7460\" \/><input type=\"hidden\" name=\"redirect\" value=\"https:\/\/toruscare.com\/pt\/catalogue\/account\/\"\/><p class=\"woocommerce-LostPassword lost_password\"><a href=\"#lost-password\" data-no-translation=\"\" data-trp-gettext=\"\">Perdeu a sua senha?<\/a><\/p><\/div><\/div><input type=\"hidden\" name=\"trp-form-language\" value=\"pt\"\/><\/form><\/div><\/div><div class=\"woocommerce-notices-wrapper\"><\/div><form method=\"post\" class=\"woocommerce-ResetPassword elementor-labels-above\" action=\"\"><div class=\"elementor-form-fields-wrapper\"><p class=\"elementor-field-group elementor-column\" data-no-translation=\"\" data-trp-gettext=\"\">Perdeu a sua senha? Indique o seu nome de utilizador ou endere\u00e7o de email. Receber\u00e1 uma liga\u00e7\u00e3o para criar uma nova senha via email.<\/p><div class=\"elementor-field-group elementor-column\"><label class=\"elementor-field-label\" for=\"user_login\" data-no-translation=\"\" data-trp-gettext=\"\">Nome de utilizador ou email<\/label><input class=\"woocommerce-Input  elementor-field-textual elementor-field elementor-size-md\" type=\"text\" name=\"user_login\" id=\"user_login\" autocomplete=\"username\" \/><\/div><div class=\"elementor-field-group elementor-column elementor-field-type-submit\"><input type=\"hidden\" name=\"wc_reset_password\" value=\"true\" \/><button type=\"submit\" class=\"elementor-button elementor-size-md button\" value=\"Redefinir senha\" data-no-translation=\"\" data-trp-gettext=\"\" data-no-translation-value=\"\">Redefinir senha<\/button><\/div><\/div><input type=\"hidden\" id=\"woocommerce-lost-password-nonce\" name=\"woocommerce-lost-password-nonce\" value=\"f3634acf6d\" \/><input type=\"hidden\" name=\"_wp_http_referer\" value=\"\/pt\/wp-json\/wp\/v2\/pages\/7460\" \/><input type=\"hidden\" name=\"trp-form-language\" value=\"pt\"\/><\/form>\t\t\t\t<\/div>\n\t\t\t\t<\/div>\n\t\t\t\t\t<\/div>\n\t\t\t\t<\/div>\n\t\t\t\t<\/div>","protected":false},"excerpt":{"rendered":"","protected":false},"author":1,"featured_media":0,"parent":5467,"menu_order":60,"comment_status":"closed","ping_status":"closed","template":"","meta":{"_acf_changed":false,"footnotes":""},"class_list":["post-7460","page","type-page","status-publish","hentry","_wholesalex wsx-wholesalex-product"],"acf":[],"_links":{"self":[{"href":"https:\/\/toruscare.com\/pt\/wp-json\/wp\/v2\/pages\/7460","targetHints":{"allow":["GET"]}}],"collection":[{"href":"https:\/\/toruscare.com\/pt\/wp-json\/wp\/v2\/pages"}],"about":[{"href":"https:\/\/toruscare.com\/pt\/wp-json\/wp\/v2\/types\/page"}],"author":[{"embeddable":true,"href":"https:\/\/toruscare.com\/pt\/wp-json\/wp\/v2\/users\/1"}],"replies":[{"embeddable":true,"href":"https:\/\/toruscare.com\/pt\/wp-json\/wp\/v2\/comments?post=7460"}],"version-history":[{"count":0,"href":"https:\/\/toruscare.com\/pt\/wp-json\/wp\/v2\/pages\/7460\/revisions"}],"up":[{"embeddable":true,"href":"https:\/\/toruscare.com\/pt\/wp-json\/wp\/v2\/pages\/5467"}],"wp:attachment":[{"href":"https:\/\/toruscare.com\/pt\/wp-json\/wp\/v2\/media?parent=7460"}],"curies":[{"name":"wp","href":"https:\/\/api.w.org\/{rel}","templated":true}]}}