{"id":95043,"date":"2025-04-28T03:49:30","date_gmt":"2025-04-28T03:49:30","guid":{"rendered":"https:\/\/toruscare.pt\/?post_type=product&#038;p=95043"},"modified":"2025-07-25T04:54:05","modified_gmt":"2025-07-25T04:54:05","slug":"electric-examination-bed-ganas-1","status":"publish","type":"product","link":"https:\/\/toruscare.com\/pt\/produto\/electric-examination-bed-ganas-1\/","title":{"rendered":"Cama de exame el\u00e9ctrica GANAS 1"},"content":{"rendered":"","protected":false},"excerpt":{"rendered":"<p>1. 2 pe\u00e7as de rod\u00edzios ocultos de 2\u2032, 2 pe\u00e7as de rodas universais de 2\u2032.<br \/>\n2. O ajuste das costas pode ser efectuado por meio de um ancinho ou de um motor.<br \/>\n3. Sistema de barra de p\u00e9 em a\u00e7o inoxid\u00e1vel, sem desgaste ou rasg\u00e3o ap\u00f3s 5000 vezes de utiliza\u00e7\u00e3o.<br \/>\n4. Retardador de chama, 8 cm de espessura, espuma de alta densidade, densidade 30 kg\/m\u00b3.<br \/>\n5. Plugue de material ABS de engenharia, almofada de p\u00e9.<br \/>\n6. 2 cores opcionais, preto e azul-branco.<\/p>","protected":false},"featured_media":95041,"template":"","meta":{"_acf_changed":false},"product_brand":[],"product_cat":[129],"product_tag":[],"class_list":{"0":"post-95043","1":"product","2":"type-product","3":"status-publish","4":"has-post-thumbnail","6":"product_cat-treatment-table","7":"_wholesalex wsx-wholesalex-product","8":"description-off","10":"first","11":"instock","12":"shipping-taxable","13":"product-type-simple"},"acf":[],"_links":{"self":[{"href":"https:\/\/toruscare.com\/pt\/wp-json\/wp\/v2\/product\/95043","targetHints":{"allow":["GET"]}}],"collection":[{"href":"https:\/\/toruscare.com\/pt\/wp-json\/wp\/v2\/product"}],"about":[{"href":"https:\/\/toruscare.com\/pt\/wp-json\/wp\/v2\/types\/product"}],"wp:featuredmedia":[{"embeddable":true,"href":"https:\/\/toruscare.com\/pt\/wp-json\/wp\/v2\/media\/95041"}],"wp:attachment":[{"href":"https:\/\/toruscare.com\/pt\/wp-json\/wp\/v2\/media?parent=95043"}],"wp:term":[{"taxonomy":"product_brand","embeddable":true,"href":"https:\/\/toruscare.com\/pt\/wp-json\/wp\/v2\/product_brand?post=95043"},{"taxonomy":"product_cat","embeddable":true,"href":"https:\/\/toruscare.com\/pt\/wp-json\/wp\/v2\/product_cat?post=95043"},{"taxonomy":"product_tag","embeddable":true,"href":"https:\/\/toruscare.com\/pt\/wp-json\/wp\/v2\/product_tag?post=95043"}],"curies":[{"name":"wp","href":"https:\/\/api.w.org\/{rel}","templated":true}]}}