{"id":95047,"date":"2025-04-28T06:08:47","date_gmt":"2025-04-28T06:08:47","guid":{"rendered":"https:\/\/toruscare.pt\/?post_type=product&#038;p=95047"},"modified":"2025-07-25T04:53:55","modified_gmt":"2025-07-25T04:53:55","slug":"electric-examination-table-ganas-2","status":"publish","type":"product","link":"https:\/\/toruscare.com\/pt\/produto\/electric-examination-table-ganas-2\/","title":{"rendered":"Mesa de exame el\u00e9ctrica GANAS 2"},"content":{"rendered":"","protected":false},"excerpt":{"rendered":"<ul>\n<li>Design ergon\u00f3mico e duplo<\/li>\n<li>Altura ajust\u00e1vel para conveni\u00eancia do paciente, o design personalizado ajuda no diagn\u00f3stico<\/li>\n<li>Funciona como cama e cadeira<\/li>\n<li>Rolamento alto, estabilidade duradoura<\/li>\n<li>Seguro para impactos de alta press\u00e3o<\/li>\n<\/ul>","protected":false},"featured_media":95048,"template":"","meta":{"_acf_changed":false},"product_brand":[],"product_cat":[129],"product_tag":[],"class_list":{"0":"post-95047","1":"product","2":"type-product","3":"status-publish","4":"has-post-thumbnail","6":"product_cat-treatment-table","7":"_wholesalex wsx-wholesalex-product","8":"description-off","10":"first","11":"instock","12":"shipping-taxable","13":"product-type-simple"},"acf":[],"_links":{"self":[{"href":"https:\/\/toruscare.com\/pt\/wp-json\/wp\/v2\/product\/95047","targetHints":{"allow":["GET"]}}],"collection":[{"href":"https:\/\/toruscare.com\/pt\/wp-json\/wp\/v2\/product"}],"about":[{"href":"https:\/\/toruscare.com\/pt\/wp-json\/wp\/v2\/types\/product"}],"wp:featuredmedia":[{"embeddable":true,"href":"https:\/\/toruscare.com\/pt\/wp-json\/wp\/v2\/media\/95048"}],"wp:attachment":[{"href":"https:\/\/toruscare.com\/pt\/wp-json\/wp\/v2\/media?parent=95047"}],"wp:term":[{"taxonomy":"product_brand","embeddable":true,"href":"https:\/\/toruscare.com\/pt\/wp-json\/wp\/v2\/product_brand?post=95047"},{"taxonomy":"product_cat","embeddable":true,"href":"https:\/\/toruscare.com\/pt\/wp-json\/wp\/v2\/product_cat?post=95047"},{"taxonomy":"product_tag","embeddable":true,"href":"https:\/\/toruscare.com\/pt\/wp-json\/wp\/v2\/product_tag?post=95047"}],"curies":[{"name":"wp","href":"https:\/\/api.w.org\/{rel}","templated":true}]}}