{"id":95054,"date":"2025-04-28T06:50:23","date_gmt":"2025-04-28T06:50:23","guid":{"rendered":"https:\/\/toruscare.pt\/?post_type=product&#038;p=95054"},"modified":"2025-07-25T04:51:28","modified_gmt":"2025-07-25T04:51:28","slug":"electric-examination-bed-x36-1","status":"publish","type":"product","link":"https:\/\/toruscare.com\/pt\/produto\/electric-examination-bed-x36-1\/","title":{"rendered":"Cama de exame el\u00e9ctrica GANAS 3"},"content":{"rendered":"","protected":false},"excerpt":{"rendered":"<ul>\n<li>Possui um motor de alta qualidade, uma estrutura geral de ferro, ajustes de altura e \u00e2ngulo suaves e silenciosos.<\/li>\n<li>Equipado com interruptores de eleva\u00e7\u00e3o com rodas de qualidade superior para uma transi\u00e7\u00e3o f\u00e1cil entre os modos fixo e m\u00f3vel; movimento suave e silencioso.<\/li>\n<li>Estrutura de a\u00e7o de alta qualidade para robustez e estabilidade, garantindo uma utiliza\u00e7\u00e3o segura.<\/li>\n<li>O couro antibacteriano e a esponja de alta densidade de recupera\u00e7\u00e3o lenta proporcionam conforto e cumprem as normas antibacterianas.<\/li>\n<\/ul>","protected":false},"featured_media":95055,"template":"","meta":{"_acf_changed":false},"product_brand":[],"product_cat":[129],"product_tag":[],"class_list":{"0":"post-95054","1":"product","2":"type-product","3":"status-publish","4":"has-post-thumbnail","6":"product_cat-treatment-table","7":"_wholesalex wsx-wholesalex-product","8":"description-off","10":"first","11":"instock","12":"shipping-taxable","13":"product-type-simple"},"acf":[],"_links":{"self":[{"href":"https:\/\/toruscare.com\/pt\/wp-json\/wp\/v2\/product\/95054","targetHints":{"allow":["GET"]}}],"collection":[{"href":"https:\/\/toruscare.com\/pt\/wp-json\/wp\/v2\/product"}],"about":[{"href":"https:\/\/toruscare.com\/pt\/wp-json\/wp\/v2\/types\/product"}],"wp:featuredmedia":[{"embeddable":true,"href":"https:\/\/toruscare.com\/pt\/wp-json\/wp\/v2\/media\/95055"}],"wp:attachment":[{"href":"https:\/\/toruscare.com\/pt\/wp-json\/wp\/v2\/media?parent=95054"}],"wp:term":[{"taxonomy":"product_brand","embeddable":true,"href":"https:\/\/toruscare.com\/pt\/wp-json\/wp\/v2\/product_brand?post=95054"},{"taxonomy":"product_cat","embeddable":true,"href":"https:\/\/toruscare.com\/pt\/wp-json\/wp\/v2\/product_cat?post=95054"},{"taxonomy":"product_tag","embeddable":true,"href":"https:\/\/toruscare.com\/pt\/wp-json\/wp\/v2\/product_tag?post=95054"}],"curies":[{"name":"wp","href":"https:\/\/api.w.org\/{rel}","templated":true}]}}