{"id":96047,"date":"2025-05-15T05:17:34","date_gmt":"2025-05-15T05:17:34","guid":{"rendered":"https:\/\/toruscare.pt\/?post_type=product&#038;p=96047"},"modified":"2025-07-25T04:50:37","modified_gmt":"2025-07-25T04:50:37","slug":"electric-homecare-bed-hoga-1","status":"publish","type":"product","link":"https:\/\/toruscare.com\/pt\/produto\/electric-homecare-bed-hoga-1\/","title":{"rendered":"Cama el\u00e9ctrica para cuidados domicili\u00e1rios HOGA 1"},"content":{"rendered":"","protected":false},"excerpt":{"rendered":"<p>1. Ampla gama de regula\u00e7\u00e3o em altura (posi\u00e7\u00e3o mais baixa - 19 cm)<br \/>\n2. Constru\u00e7\u00e3o em 4 colunas;<br \/>\n3. F\u00e1cil e seguro de dobrar e transportar;4. Posi\u00e7\u00e3o rebaixada das calhas laterais,5. V\u00e1rias cores de madeira \u00e0 escolha;6. Carga m\u00e1xima de trabalho-215 kg,<br \/>\n7. Garantia de 2 anos;<\/p>","protected":false},"featured_media":96058,"template":"","meta":{"_acf_changed":false},"product_brand":[],"product_cat":[118],"product_tag":[],"class_list":{"0":"post-96047","1":"product","2":"type-product","3":"status-publish","4":"has-post-thumbnail","6":"product_cat-home-care-bed","7":"_wholesalex wsx-wholesalex-product","8":"description-off","10":"first","11":"instock","12":"shipping-taxable","13":"product-type-simple"},"acf":[],"_links":{"self":[{"href":"https:\/\/toruscare.com\/pt\/wp-json\/wp\/v2\/product\/96047","targetHints":{"allow":["GET"]}}],"collection":[{"href":"https:\/\/toruscare.com\/pt\/wp-json\/wp\/v2\/product"}],"about":[{"href":"https:\/\/toruscare.com\/pt\/wp-json\/wp\/v2\/types\/product"}],"wp:featuredmedia":[{"embeddable":true,"href":"https:\/\/toruscare.com\/pt\/wp-json\/wp\/v2\/media\/96058"}],"wp:attachment":[{"href":"https:\/\/toruscare.com\/pt\/wp-json\/wp\/v2\/media?parent=96047"}],"wp:term":[{"taxonomy":"product_brand","embeddable":true,"href":"https:\/\/toruscare.com\/pt\/wp-json\/wp\/v2\/product_brand?post=96047"},{"taxonomy":"product_cat","embeddable":true,"href":"https:\/\/toruscare.com\/pt\/wp-json\/wp\/v2\/product_cat?post=96047"},{"taxonomy":"product_tag","embeddable":true,"href":"https:\/\/toruscare.com\/pt\/wp-json\/wp\/v2\/product_tag?post=96047"}],"curies":[{"name":"wp","href":"https:\/\/api.w.org\/{rel}","templated":true}]}}