{"id":96658,"date":"2025-05-23T07:28:03","date_gmt":"2025-05-23T07:28:03","guid":{"rendered":"https:\/\/toruscare.pt\/?post_type=product&#038;p=96658"},"modified":"2025-07-28T00:18:31","modified_gmt":"2025-07-28T00:18:31","slug":"electric-dialysis-chair-quilar-2","status":"publish","type":"product","link":"https:\/\/toruscare.com\/pt\/produto\/electric-dialysis-chair-quilar-2\/","title":{"rendered":"Cadeira de di\u00e1lise el\u00e9ctrica QUILAR 2"},"content":{"rendered":"","protected":false},"excerpt":{"rendered":"<p>A cadeira de di\u00e1lise QUILAR 2 combina uma ergonomia avan\u00e7ada com materiais de alta qualidade para o m\u00e1ximo conforto do doente e efici\u00eancia cl\u00ednica. Com ajustes motorizados suaves, apoios de bra\u00e7os multifuncionais actualizados e carater\u00edsticas atenciosas como uma mesa de tabuleiro antiderrapante e uma fun\u00e7\u00e3o RCP de liberta\u00e7\u00e3o r\u00e1pida, garante uma experi\u00eancia segura e f\u00e1cil de utilizar tanto para os dadores como para os prestadores de cuidados.<\/p>","protected":false},"featured_media":96660,"template":"","meta":{"_acf_changed":false},"product_brand":[],"product_cat":[129],"product_tag":[],"class_list":{"0":"post-96658","1":"product","2":"type-product","3":"status-publish","4":"has-post-thumbnail","6":"product_cat-treatment-table","7":"_wholesalex wsx-wholesalex-product","8":"description-off","10":"first","11":"instock","12":"shipping-taxable","13":"product-type-simple"},"acf":[],"_links":{"self":[{"href":"https:\/\/toruscare.com\/pt\/wp-json\/wp\/v2\/product\/96658","targetHints":{"allow":["GET"]}}],"collection":[{"href":"https:\/\/toruscare.com\/pt\/wp-json\/wp\/v2\/product"}],"about":[{"href":"https:\/\/toruscare.com\/pt\/wp-json\/wp\/v2\/types\/product"}],"wp:featuredmedia":[{"embeddable":true,"href":"https:\/\/toruscare.com\/pt\/wp-json\/wp\/v2\/media\/96660"}],"wp:attachment":[{"href":"https:\/\/toruscare.com\/pt\/wp-json\/wp\/v2\/media?parent=96658"}],"wp:term":[{"taxonomy":"product_brand","embeddable":true,"href":"https:\/\/toruscare.com\/pt\/wp-json\/wp\/v2\/product_brand?post=96658"},{"taxonomy":"product_cat","embeddable":true,"href":"https:\/\/toruscare.com\/pt\/wp-json\/wp\/v2\/product_cat?post=96658"},{"taxonomy":"product_tag","embeddable":true,"href":"https:\/\/toruscare.com\/pt\/wp-json\/wp\/v2\/product_tag?post=96658"}],"curies":[{"name":"wp","href":"https:\/\/api.w.org\/{rel}","templated":true}]}}