{"id":96672,"date":"2025-05-23T08:15:46","date_gmt":"2025-05-23T08:15:46","guid":{"rendered":"https:\/\/toruscare.pt\/?post_type=product&#038;p=96672"},"modified":"2025-07-25T04:43:49","modified_gmt":"2025-07-25T04:43:49","slug":"children-bed-nino-s2","status":"publish","type":"product","link":"https:\/\/toruscare.com\/pt\/produto\/children-bed-nino-s2\/","title":{"rendered":"Cama de crian\u00e7a NINO S2"},"content":{"rendered":"","protected":false},"excerpt":{"rendered":"<p>A cama para crian\u00e7as NINO S2 foi cuidadosamente concebida para garantir a seguran\u00e7a e o conforto dos jovens doentes. Com ajustes manuais suaves, calhas laterais anti-entalamento e um design suave e curvo, combina durabilidade com uma experi\u00eancia amiga das crian\u00e7as em todos os pormenores.<\/p>","protected":false},"featured_media":96880,"template":"","meta":{"_acf_changed":false},"product_brand":[],"product_cat":[128],"product_tag":[],"class_list":{"0":"post-96672","1":"product","2":"type-product","3":"status-publish","4":"has-post-thumbnail","6":"product_cat-pediatric-bed","7":"_wholesalex wsx-wholesalex-product","8":"description-off","10":"first","11":"instock","12":"shipping-taxable","13":"product-type-simple"},"acf":[],"_links":{"self":[{"href":"https:\/\/toruscare.com\/pt\/wp-json\/wp\/v2\/product\/96672","targetHints":{"allow":["GET"]}}],"collection":[{"href":"https:\/\/toruscare.com\/pt\/wp-json\/wp\/v2\/product"}],"about":[{"href":"https:\/\/toruscare.com\/pt\/wp-json\/wp\/v2\/types\/product"}],"wp:featuredmedia":[{"embeddable":true,"href":"https:\/\/toruscare.com\/pt\/wp-json\/wp\/v2\/media\/96880"}],"wp:attachment":[{"href":"https:\/\/toruscare.com\/pt\/wp-json\/wp\/v2\/media?parent=96672"}],"wp:term":[{"taxonomy":"product_brand","embeddable":true,"href":"https:\/\/toruscare.com\/pt\/wp-json\/wp\/v2\/product_brand?post=96672"},{"taxonomy":"product_cat","embeddable":true,"href":"https:\/\/toruscare.com\/pt\/wp-json\/wp\/v2\/product_cat?post=96672"},{"taxonomy":"product_tag","embeddable":true,"href":"https:\/\/toruscare.com\/pt\/wp-json\/wp\/v2\/product_tag?post=96672"}],"curies":[{"name":"wp","href":"https:\/\/api.w.org\/{rel}","templated":true}]}}